{"id":13,"date":"2025-12-05T19:34:03","date_gmt":"2025-12-05T22:34:03","guid":{"rendered":"https:\/\/criscale.com.br\/?page_id=13"},"modified":"2026-01-23T13:09:51","modified_gmt":"2026-01-23T16:09:51","slug":"politica-de-reembolso-e-devolucao","status":"publish","type":"page","link":"https:\/\/criscale.com.br\/en\/politica-de-reembolso-e-devolucao\/","title":{"rendered":"Pol\u00edtica de Reembolso e Devolu\u00e7\u00e3o"},"content":{"rendered":"<div data-elementor-type=\"wp-page\" data-elementor-id=\"13\" class=\"elementor elementor-13\" data-elementor-post-type=\"page\">\n\t\t\t\t<div class=\"wd-negative-gap elementor-element elementor-element-463ee66c e-flex e-con-boxed e-con e-parent\" data-id=\"463ee66c\" data-element_type=\"container\" data-e-type=\"container\">\n\t\t\t\t\t<div class=\"e-con-inner\">\n\t\t\t\t<div class=\"elementor-element elementor-element-1387c9a2 color-scheme-inherit text-left elementor-widget elementor-widget-text-editor\" data-id=\"1387c9a2\" data-element_type=\"widget\" data-e-type=\"widget\" data-widget_type=\"text-editor.default\">\n\t\t\t\t\t\t\t\t\t\n<h1>Esta pol\u00edtica de reembolso \u00e9 v\u00e1lida a partir de dezembro 2025.<\/h1>\n\n<p>POL\u00cdTICA DE REEMBOLSO \u2014 Loja Criscale<br \/>Como solicitar uma devolu\u00e7\u00e3o por arrependimento:<\/p>\n\n<p>Caso voc\u00ea n\u00e3o esteja satisfeito com o produto ou tenha se arrependido da compra, voc\u00ea poder\u00e1 solicitar a devolu\u00e7\u00e3o em at\u00e9 7 dias contados da data do recebimento do pedido no seu endere\u00e7o.<\/p>\n\n<p>Envie um e-mail para contato@criscale.com.br, informando seu nome completo e n\u00famero do pedido. Voc\u00ea receber\u00e1 o reembolso em at\u00e9 30 dias contados da data em que recebermos os produtos devolvidos. O valor ser\u00e1 reembolsado utilizando o mesmo m\u00e9todo de pagamento que voc\u00ea selecionou ao comprar na nossa loja virtual. N\u00e3o haver\u00e1 custo adicional para voc\u00ea receber o reembolso.<\/p>\n\n<p>Como solicitar uma devolu\u00e7\u00e3o de produtos com defeito:<\/p>\n\n<p>De acordo com a legisla\u00e7\u00e3o brasileira, no caso de itens com defeito de fabrica\u00e7\u00e3o, voc\u00ea tem o direito de solicitar a devolu\u00e7\u00e3o em at\u00e9 30 dias, contados da data do recebimento do pedido no seu endere\u00e7o.<\/p>\n\n<p>Envie um e-mail para contato@criscale.com.br, informando seu nome completo, n\u00famero do pedido e informa\u00e7\u00f5es sobre o defeito de fabrica\u00e7\u00e3o (descri\u00e7\u00e3o com fotos ou v\u00eddeos). Analisaremos o seu caso em at\u00e9 30 dias contados da data em que recebermos os produtos devolvidos. O valor ser\u00e1 reembolsado utilizando o mesmo m\u00e9todo de pagamento que voc\u00ea selecionou ao comprar na nossa loja virtual. N\u00e3o haver\u00e1 custo adicional para voc\u00ea receber o reembolso.<\/p>\n\n<p>Como devolver os produtos:<\/p>\n\n<p>Seguindo o estabelecido pelo Direito do Consumidor, os custos de envio da devolu\u00e7\u00e3o de produtos por direito de arrependimento ou itens com defeito de fabrica\u00e7\u00e3o ser\u00e3o cobertos pela nossa loja atrav\u00e9s do processo de log\u00edstica reversa.<\/p>\n\n<p>Voc\u00ea receber\u00e1 um c\u00f3digo de autoriza\u00e7\u00e3o de postagem por e-mail ap\u00f3s a sua solicita\u00e7\u00e3o de devolu\u00e7\u00e3o e dever\u00e1 postar a mercadoria em uma ag\u00eancia dos Correios. N\u00e3o cobrimos os custos de embalagem, por isso, sugerimos que voc\u00ea utilize a mesma embalagem na qual recebeu a sua compra (caso n\u00e3o esteja danificada) ou uma caixa adequada que preserve as pe\u00e7as durante o transporte.<\/p>\n\n<p>Endere\u00e7o para devolu\u00e7\u00e3o de produtos: Av: Avelino Pinheiro, 18 Conj 102 Ja\u00e7an\u00e3 &#8211; Ibirit\u00e9 &#8211; MG<\/p>\n\n<p>Entre em contato conosco:<\/p>\n\n<p>Caso voc\u00ea tenha qualquer d\u00favida sobre a nossa pol\u00edtica de reembolso e devolu\u00e7\u00e3o, por favor, entre em contato pelo e-mail contato@criscale.com.br.<\/p>\n\n<p>\u00a0<\/p>\n\t\t\t\t\t\t\t\t<\/div>\n\t\t\t\t\t<\/div>\n\t\t\t\t<\/div>\n\t\t\t\t<\/div>","protected":false},"excerpt":{"rendered":"<p>Esta pol\u00edtica de reembolso \u00e9 v\u00e1lida a partir de dezembro 2025. POL\u00cdTICA DE REEMBOLSO \u2014 Loja CriscaleComo solicitar uma devolu\u00e7\u00e3o<\/p>","protected":false},"author":1,"featured_media":0,"parent":0,"menu_order":0,"comment_status":"closed","ping_status":"closed","template":"","meta":{"footnotes":""},"class_list":["post-13","page","type-page","status-publish","hentry"],"jetpack_sharing_enabled":true,"_links":{"self":[{"href":"https:\/\/criscale.com.br\/en\/wp-json\/wp\/v2\/pages\/13","targetHints":{"allow":["GET"]}}],"collection":[{"href":"https:\/\/criscale.com.br\/en\/wp-json\/wp\/v2\/pages"}],"about":[{"href":"https:\/\/criscale.com.br\/en\/wp-json\/wp\/v2\/types\/page"}],"author":[{"embeddable":true,"href":"https:\/\/criscale.com.br\/en\/wp-json\/wp\/v2\/users\/1"}],"replies":[{"embeddable":true,"href":"https:\/\/criscale.com.br\/en\/wp-json\/wp\/v2\/comments?post=13"}],"version-history":[{"count":5,"href":"https:\/\/criscale.com.br\/en\/wp-json\/wp\/v2\/pages\/13\/revisions"}],"predecessor-version":[{"id":5641,"href":"https:\/\/criscale.com.br\/en\/wp-json\/wp\/v2\/pages\/13\/revisions\/5641"}],"wp:attachment":[{"href":"https:\/\/criscale.com.br\/en\/wp-json\/wp\/v2\/media?parent=13"}],"curies":[{"name":"wp","href":"https:\/\/api.w.org\/{rel}","templated":true}]}}