{"id":19,"date":"2025-01-14T12:02:05","date_gmt":"2025-01-14T12:02:05","guid":{"rendered":"https:\/\/dummy.xtemos.com\/woodmart2\/marketplace2-elementor\/?page_id=19"},"modified":"2025-12-18T18:47:03","modified_gmt":"2025-12-18T21:47:03","slug":"sobre-nos","status":"publish","type":"page","link":"https:\/\/criscale.com.br\/en\/sobre-nos\/","title":{"rendered":"Sobre n\u00f3s"},"content":{"rendered":"<div data-elementor-type=\"wp-page\" data-elementor-id=\"19\" class=\"elementor elementor-19\" data-elementor-post-type=\"page\">\n\t\t\t\t<div class=\"wd-negative-gap elementor-element elementor-element-0e465f1 e-flex e-con-boxed e-con e-parent\" data-id=\"0e465f1\" data-element_type=\"container\" data-e-type=\"container\">\n\t\t\t\t\t<div class=\"e-con-inner\">\n\t\t\t\t<div class=\"elementor-element elementor-element-bc4678b elementor-widget elementor-widget-heading\" data-id=\"bc4678b\" data-element_type=\"widget\" data-e-type=\"widget\" data-widget_type=\"heading.default\">\n\t\t\t\t\t<h1 class=\"elementor-heading-title elementor-size-default\">Sobre a Loja Cricale<\/h1>\t\t\t\t<\/div>\n\t\t\t\t\t<\/div>\n\t\t\t\t<\/div>\n\t\t<div class=\"elementor-element elementor-element-024c2ad e-flex e-con-boxed e-con e-parent\" data-id=\"024c2ad\" data-element_type=\"container\" data-e-type=\"container\">\n\t\t\t\t\t<div class=\"e-con-inner\">\n\t\t<div class=\"elementor-element elementor-element-46e1d5f e-con-full e-flex e-con e-child\" data-id=\"46e1d5f\" data-element_type=\"container\" data-e-type=\"container\">\n\t\t\t\t<div class=\"elementor-element elementor-element-9484391 color-scheme-inherit text-left elementor-widget elementor-widget-text-editor\" data-id=\"9484391\" data-element_type=\"widget\" data-e-type=\"widget\" data-widget_type=\"text-editor.default\">\n\t\t\t\t\t\t\t\t\t<h2 data-start=\"227\" data-end=\"250\"><strong data-start=\"256\" data-end=\"328\">Conectando voc\u00ea a produtos de qualidade, com seguran\u00e7a e compromisso<\/strong><\/h2><p data-start=\"330\" data-end=\"597\">A <strong data-start=\"332\" data-end=\"344\">CRISCALE<\/strong> nasceu em <strong data-start=\"355\" data-end=\"363\">2025<\/strong>, fundada pelo CEO <strong data-start=\"382\" data-end=\"423\"><span class=\"hover:entity-accent entity-underline inline cursor-pointer align-baseline\"><span class=\"whitespace-normal\">Cintiomar Silva de Oliveira<\/span><\/span><\/strong>, com um prop\u00f3sito claro: oferecer uma experi\u00eancia de compra online segura, eficiente e transparente, conectando clientes a produtos de qualidade diretamente dos fabricantes.<\/p><p data-start=\"599\" data-end=\"979\">Antes de se tornar uma loja online, nossa empresa j\u00e1 atuava <strong data-start=\"659\" data-end=\"714\">h\u00e1 anos prestando servi\u00e7os para empresas e f\u00e1bricas<\/strong>, construindo relacionamentos s\u00f3lidos baseados em confian\u00e7a, responsabilidade e compromisso. Foi justamente essa rela\u00e7\u00e3o pr\u00f3xima com nossos parceiros e clientes que nos motivou a criar a <strong data-start=\"901\" data-end=\"913\">CRISCALE<\/strong>, uma loja pensada para atender com excel\u00eancia o consumidor final.<\/p><div class=\"host-bincmiainjofjnhchmcalkanjebghoen\" style=\"position: relative; z-index: 2147483647;\">\u00a0<\/div><div class=\"host-bincmiainjofjnhchmcalkanjebghoen\" style=\"position: relative; z-index: 2147483647;\">\u00a0<\/div>\t\t\t\t\t\t\t\t<\/div>\n\t\t\t\t<\/div>\n\t\t<div class=\"elementor-element elementor-element-01d6211 e-con-full e-flex e-con e-child\" data-id=\"01d6211\" data-element_type=\"container\" data-e-type=\"container\">\n\t\t\t\t<div class=\"elementor-element elementor-element-6beb9c5 elementor-widget elementor-widget-image\" data-id=\"6beb9c5\" data-element_type=\"widget\" data-e-type=\"widget\" data-widget_type=\"image.default\">\n\t\t\t\t\t\t\t\t\t\t\t\t\t\t\t<img loading=\"lazy\" decoding=\"async\" width=\"512\" height=\"512\" src=\"https:\/\/criscale.com.br\/wp-content\/uploads\/2025\/12\/Perfil-2.png\" class=\"attachment-large size-large wp-image-3818 wvs-archive-product-image\" alt=\"Sobre a CRISCALE\" srcset=\"https:\/\/criscale.com.br\/wp-content\/uploads\/2025\/12\/Perfil-2.png 512w, https:\/\/criscale.com.br\/wp-content\/uploads\/2025\/12\/Perfil-2-300x300.png 300w, https:\/\/criscale.com.br\/wp-content\/uploads\/2025\/12\/Perfil-2-150x150.png 150w, https:\/\/criscale.com.br\/wp-content\/uploads\/2025\/12\/Perfil-2-50x50.png 50w, https:\/\/criscale.com.br\/wp-content\/uploads\/2025\/12\/Perfil-2-100x100.png 100w\" sizes=\"auto, (max-width: 512px) 100vw, 512px\" \/>\t\t\t\t\t\t\t\t\t\t\t\t\t\t\t<\/div>\n\t\t\t\t<\/div>\n\t\t\t\t\t<\/div>\n\t\t\t\t<\/div>\n\t\t<div class=\"elementor-element elementor-element-8674621 e-con-full e-flex e-con e-parent\" data-id=\"8674621\" data-element_type=\"container\" data-e-type=\"container\">\n\t\t\t\t<div class=\"elementor-element elementor-element-6b41b18 color-scheme-inherit text-left elementor-widget elementor-widget-text-editor\" data-id=\"6b41b18\" data-element_type=\"widget\" data-e-type=\"widget\" data-widget_type=\"text-editor.default\">\n\t\t\t\t\t\t\t\t\t<h3 data-start=\"981\" data-end=\"1038\"><strong data-start=\"985\" data-end=\"1038\">Modelo inteligente: produtos direto do fabricante<\/strong><\/h3><p data-start=\"1040\" data-end=\"1261\">Grande parte do nosso estoque permanece <strong data-start=\"1080\" data-end=\"1148\">armazenado diretamente nas instala\u00e7\u00f5es dos fabricantes parceiros<\/strong>. Esse modelo nos permite oferecer mais variedade, melhor custo-benef\u00edcio e maior agilidade no processo de envio.<\/p><p data-start=\"1263\" data-end=\"1529\">Quando recebemos a notifica\u00e7\u00e3o de um novo pedido, a informa\u00e7\u00e3o \u00e9 <strong data-start=\"1328\" data-end=\"1369\">imediatamente repassada ao fornecedor<\/strong>, que realiza a separa\u00e7\u00e3o, embalagem e envio do produto <strong data-start=\"1425\" data-end=\"1461\">diretamente para o cliente final<\/strong>. Todo esse processo \u00e9 cuidadosamente acompanhado pela nossa equipe.<\/p><h3 data-start=\"1531\" data-end=\"1578\"><strong data-start=\"1535\" data-end=\"1578\">Responsabilidade total do in\u00edcio ao fim<\/strong><\/h3><p data-start=\"1580\" data-end=\"1803\">Mesmo trabalhando com envio direto do fabricante, <strong data-start=\"1630\" data-end=\"1704\">toda a responsabilidade pela entrega, garantia e suporte \u00e9 da CRISCALE<\/strong>. Acompanhamos cada pedido desde a confirma\u00e7\u00e3o da compra at\u00e9 a chegada do produto ao destino final.<\/p><p data-start=\"1805\" data-end=\"1816\">Oferecemos:<\/p><ul data-start=\"1817\" data-end=\"1997\"><li data-start=\"1817\" data-end=\"1865\"><p data-start=\"1819\" data-end=\"1865\">Envio r\u00e1pido ap\u00f3s a confirma\u00e7\u00e3o do pagamento<\/p><\/li><li data-start=\"1866\" data-end=\"1892\"><p data-start=\"1868\" data-end=\"1892\">C\u00f3digo de rastreamento<\/p><\/li><li data-start=\"1893\" data-end=\"1939\"><p data-start=\"1895\" data-end=\"1939\">Suporte humanizado durante todo o processo<\/p><\/li><li data-start=\"1940\" data-end=\"1997\"><p data-start=\"1942\" data-end=\"1997\">Compromisso com a entrega segura e em perfeito estado<\/p><\/li><\/ul><p data-start=\"1999\" data-end=\"2171\">Nosso objetivo \u00e9 garantir que cada cliente receba seu produto com <strong data-start=\"2065\" data-end=\"2107\">qualidade, seguran\u00e7a e dentro do prazo<\/strong>, proporcionando uma experi\u00eancia de compra positiva e confi\u00e1vel.<\/p><h3 data-start=\"2173\" data-end=\"2223\"><strong data-start=\"2177\" data-end=\"2223\">Nosso maior patrim\u00f4nio s\u00e3o nossos clientes<\/strong><\/h3><p data-start=\"2225\" data-end=\"2412\">A satisfa\u00e7\u00e3o dos nossos clientes \u00e9 o que move a CRISCALE todos os dias. Trabalhamos com seriedade, transpar\u00eancia e respeito, porque acreditamos que <strong data-start=\"2373\" data-end=\"2411\">confian\u00e7a se constr\u00f3i com atitudes<\/strong>.<\/p><p data-start=\"2414\" data-end=\"2597\">A <strong data-start=\"2416\" data-end=\"2428\">CRISCALE<\/strong> n\u00e3o \u00e9 apenas uma loja online. \u00c9 o resultado de anos de experi\u00eancia, parcerias s\u00f3lidas e o compromisso cont\u00ednuo de entregar mais do que produtos: <strong data-start=\"2574\" data-end=\"2596\">entregar confian\u00e7a<\/strong>.<\/p><div class=\"host-bincmiainjofjnhchmcalkanjebghoen\" style=\"position: relative; z-index: 2147483647;\">\u00a0<\/div>\t\t\t\t\t\t\t\t<\/div>\n\t\t\t\t<\/div>\n\t\t\t\t<\/div>","protected":false},"excerpt":{"rendered":"<p>Sobre a Loja Cricale Conectando voc\u00ea a produtos de qualidade, com seguran\u00e7a e compromisso A CRISCALE nasceu em 2025, fundada<\/p>","protected":false},"author":1,"featured_media":0,"parent":0,"menu_order":0,"comment_status":"closed","ping_status":"closed","template":"","meta":{"footnotes":""},"class_list":["post-19","page","type-page","status-publish","hentry"],"jetpack_sharing_enabled":true,"_links":{"self":[{"href":"https:\/\/criscale.com.br\/en\/wp-json\/wp\/v2\/pages\/19","targetHints":{"allow":["GET"]}}],"collection":[{"href":"https:\/\/criscale.com.br\/en\/wp-json\/wp\/v2\/pages"}],"about":[{"href":"https:\/\/criscale.com.br\/en\/wp-json\/wp\/v2\/types\/page"}],"author":[{"embeddable":true,"href":"https:\/\/criscale.com.br\/en\/wp-json\/wp\/v2\/users\/1"}],"replies":[{"embeddable":true,"href":"https:\/\/criscale.com.br\/en\/wp-json\/wp\/v2\/comments?post=19"}],"version-history":[{"count":16,"href":"https:\/\/criscale.com.br\/en\/wp-json\/wp\/v2\/pages\/19\/revisions"}],"predecessor-version":[{"id":3831,"href":"https:\/\/criscale.com.br\/en\/wp-json\/wp\/v2\/pages\/19\/revisions\/3831"}],"wp:attachment":[{"href":"https:\/\/criscale.com.br\/en\/wp-json\/wp\/v2\/media?parent=19"}],"curies":[{"name":"wp","href":"https:\/\/api.w.org\/{rel}","templated":true}]}}