{"id":31,"date":"2025-01-14T12:03:16","date_gmt":"2025-01-14T12:03:16","guid":{"rendered":"https:\/\/dummy.xtemos.com\/woodmart2\/marketplace2-elementor\/?page_id=31"},"modified":"2025-12-23T21:21:27","modified_gmt":"2025-12-24T00:21:27","slug":"venda-aqui","status":"publish","type":"page","link":"https:\/\/criscale.com.br\/en\/venda-aqui\/","title":{"rendered":"Venda aqui"},"content":{"rendered":"\t\t<div data-elementor-type=\"wp-page\" data-elementor-id=\"31\" class=\"elementor elementor-31\" data-elementor-post-type=\"page\">\n\t\t\t\t<div class=\"wd-negative-gap elementor-element elementor-element-66af518a e-flex e-con-boxed e-con e-parent\" data-id=\"66af518a\" data-element_type=\"container\" data-e-type=\"container\">\n\t\t\t\t\t<div class=\"e-con-inner\">\n\t\t<div class=\"wd-sticky-container-lg elementor-element elementor-element-752da996 e-con-full wd-col-offcanvas-md-sm wd-col-offcanvas-sm e-flex wd-alignment-left e-con e-child\" data-id=\"752da996\" data-element_type=\"container\" data-e-type=\"container\">\n\t\t\t\t<div class=\"elementor-element elementor-element-61cf4198 elementor-widget elementor-widget-wd_mega_menu\" data-id=\"61cf4198\" data-element_type=\"widget\" data-e-type=\"widget\" data-widget_type=\"wd_mega_menu.default\">\n\t\t\t\t<div class=\"elementor-widget-container\">\n\t\t\t\t\t\t\t<div class=\"wd-menu widget_nav_mega_menu\">\n\t\t\t\t\t\t<ul id=\"menu-sidebar-menu-marketplace-2\" class=\"menu wd-nav wd-nav-vertical wd-design-simple wd-gap-l\"><li id=\"menu-item-826\" class=\"menu-item menu-item-type-post_type menu-item-object-page menu-item-826 item-level-0 menu-simple-dropdown wd-event-hover\" ><a href=\"https:\/\/criscale.com.br\/en\/acompanhe-seu-pedido\/\" class=\"woodmart-nav-link\"><span class=\"nav-link-text\">Acompanhe seu pedido<\/span><\/a><\/li>\n<li id=\"menu-item-825\" class=\"menu-item menu-item-type-post_type menu-item-object-page menu-item-825 item-level-0 menu-simple-dropdown wd-event-hover\" ><a href=\"https:\/\/criscale.com.br\/en\/sobre-nos\/\" class=\"woodmart-nav-link\"><span class=\"nav-link-text\">Sobre n\u00f3s<\/span><\/a><\/li>\n<li id=\"menu-item-828\" class=\"menu-item menu-item-type-post_type menu-item-object-page menu-item-828 item-level-0 menu-simple-dropdown wd-event-hover\" ><a href=\"https:\/\/criscale.com.br\/en\/faqs\/\" class=\"woodmart-nav-link\"><span class=\"nav-link-text\">FAQs<\/span><\/a><\/li>\n<li id=\"menu-item-829\" class=\"menu-item menu-item-type-post_type menu-item-object-page menu-item-829 item-level-0 menu-simple-dropdown wd-event-hover\" ><a href=\"https:\/\/criscale.com.br\/en\/venda-aqui\/\" class=\"woodmart-nav-link\"><span class=\"nav-link-text\">Venda aqui<\/span><\/a><\/li>\n<li id=\"menu-item-830\" class=\"menu-item menu-item-type-post_type menu-item-object-page menu-item-830 item-level-0 menu-simple-dropdown wd-event-hover\" ><a href=\"https:\/\/criscale.com.br\/en\/trabalhe-conosco\/\" class=\"woodmart-nav-link\"><span class=\"nav-link-text\">Trabalhe conosco<\/span><\/a><\/li>\n<li id=\"menu-item-827\" class=\"menu-item menu-item-type-post_type menu-item-object-page menu-item-827 item-level-0 menu-simple-dropdown wd-event-hover\" ><a href=\"https:\/\/criscale.com.br\/en\/contato\/\" class=\"woodmart-nav-link\"><span class=\"nav-link-text\">Contato<\/span><\/a><\/li>\n<\/ul>\t\t<\/div>\n\t\t\t\t\t\t<\/div>\n\t\t\t\t<\/div>\n\t\t\t\t<\/div>\n\t\t<div class=\"elementor-element elementor-element-10d88dc6 e-con-full wd-col-content-md-sm wd-col-content-sm e-flex e-con e-child\" data-id=\"10d88dc6\" data-element_type=\"container\" data-e-type=\"container\">\n\t\t<div class=\"elementor-element elementor-element-7def6215 e-con-full e-flex e-con e-child\" data-id=\"7def6215\" data-element_type=\"container\" data-e-type=\"container\">\n\t\t\t\t<div class=\"elementor-element elementor-element-3402d867 elementor-hidden-desktop elementor-widget elementor-widget-wd_builder_off_canvas_column_btn\" data-id=\"3402d867\" data-element_type=\"widget\" data-e-type=\"widget\" data-settings=\"{&quot;sticky&quot;:&quot;yes&quot;,&quot;sticky_on&quot;:[&quot;desktop&quot;,&quot;tablet&quot;,&quot;mobile&quot;],&quot;sticky_offset&quot;:0,&quot;sticky_effects_offset&quot;:0,&quot;sticky_anchor_link_offset&quot;:0}\" data-widget_type=\"wd_builder_off_canvas_column_btn.default\">\n\t\t\t\t<div class=\"elementor-widget-container\">\n\t\t\t\t\t\n\t\t<div class=\"wd-off-canvas-btn wd-action-btn wd-style-text wd-burger-icon\">\n\t\t\t<a href=\"#\" rel=\"nofollow\">\n\t\t\t\t\t\t\t\tShow sidebar\t\t\t<\/a>\n\t\t<\/div>\n\n\t\t\t\t\t<div class=\"wd-sidebar-opener wd-show-on-scroll wd-action-btn wd-style-icon wd-burger-icon\">\n\t\t\t\t<a href=\"#\" rel=\"nofollow\">\n\t\t\t\t\t\t\t\t\t<\/a>\n\t\t\t<\/div>\n\t\t\t\t\t\t\t\t<\/div>\n\t\t\t\t<\/div>\n\t\t<div class=\"elementor-element elementor-element-36e192a e-con-full color-scheme-light e-flex e-con e-child\" data-id=\"36e192a\" data-element_type=\"container\" data-e-type=\"container\" data-settings=\"{&quot;background_background&quot;:&quot;classic&quot;}\">\n\t\t\t\t<div class=\"elementor-element elementor-element-39ac324f elementor-widget elementor-widget-heading\" data-id=\"39ac324f\" data-element_type=\"widget\" data-e-type=\"widget\" data-widget_type=\"heading.default\">\n\t\t\t\t\t<h2 class=\"elementor-heading-title elementor-size-default\">Venda Seus Produtos na Criscale<\/h2>\t\t\t\t<\/div>\n\t\t\t\t<div class=\"elementor-element elementor-element-7255d7f2 wd-width-100 elementor-widget elementor-widget-wd_title\" data-id=\"7255d7f2\" data-element_type=\"widget\" data-e-type=\"widget\" data-widget_type=\"wd_title.default\">\n\t\t\t\t<div class=\"elementor-widget-container\">\n\t\t\t\t\t\t\t<div class=\"title-wrapper wd-set-mb reset-last-child wd-title-color-default wd-title-style-default wd-title-size-default text-center\">\n\n\t\t\t\t\t\t\t\t\t\t\t<div class=\"title-subtitle subtitle-color-default subtitle-style-default wd-fontsize-xs\">\n\t\t\t\t\tSeja um parceiro da nossa loja e aumente suas vendas\t\t\t\t<\/div>\n\t\t\t\n\t\t\t<div class=\"liner-continer\">\n\t\t\t\t<h4 class=\"woodmart-title-container title wd-fontsize-l\"><\/h4> \n\t\t\t\t\t\t\t<\/div>\n\n\t\t\t\t\t<\/div>\n\t\t\t\t\t\t<\/div>\n\t\t\t\t<\/div>\n\t\t\t\t<\/div>\n\t\t\t\t<\/div>\n\t\t<div class=\"elementor-element elementor-element-24959ba0 e-con-full e-flex e-con e-child\" data-id=\"24959ba0\" data-element_type=\"container\" data-e-type=\"container\">\n\t\t\t\t<div class=\"elementor-element elementor-element-492d7f61 wd-width-100 elementor-widget elementor-widget-wd_title\" data-id=\"492d7f61\" data-element_type=\"widget\" data-e-type=\"widget\" data-widget_type=\"wd_title.default\">\n\t\t\t\t<div class=\"elementor-widget-container\">\n\t\t\t\t\t\t\t<div class=\"title-wrapper wd-set-mb reset-last-child wd-title-color-default wd-title-style-default wd-title-size-default text-left\">\n\n\t\t\t\n\t\t\t<div class=\"liner-continer\">\n\t\t\t\t<h4 class=\"woodmart-title-container title wd-fontsize-l\">Se voc\u00ea \u00e9 fabricante, distribuidor ou fornecedor<\/h4> \n\t\t\t\t\t\t\t<\/div>\n\n\t\t\t\t\t\t\t<div class=\"title-after_title reset-last-child wd-fontsize-xs\">\n\t\t\t\t\t<p>Se voc\u00ea \u00e9 <strong>fabricante, distribuidor ou fornecedor<\/strong> de produtos de qualidade e deseja expandir suas vendas no ambiente digital, a <strong>Criscale<\/strong> est\u00e1 pronta para ser sua parceira.<\/p><p>Estamos sempre em busca de <strong>novos fornecedores confi\u00e1veis<\/strong> para oferecer produtos de alto padr\u00e3o aos nossos clientes em todo o Brasil.<\/p><p>\u00a0<\/p>\t\t\t\t<\/div>\n\t\t\t\t\t<\/div>\n\t\t\t\t\t\t<\/div>\n\t\t\t\t<\/div>\n\t\t\t\t<div class=\"elementor-element elementor-element-41594b0a wd-width-100 elementor-widget elementor-widget-wd_title\" data-id=\"41594b0a\" data-element_type=\"widget\" data-e-type=\"widget\" data-widget_type=\"wd_title.default\">\n\t\t\t\t<div class=\"elementor-widget-container\">\n\t\t\t\t\t\t\t<div class=\"title-wrapper wd-set-mb reset-last-child wd-title-color-default wd-title-style-default wd-title-size-default text-left\">\n\n\t\t\t\n\t\t\t<div class=\"liner-continer\">\n\t\t\t\t<h4 class=\"woodmart-title-container title wd-fontsize-l\">Como funciona a parceria com a Criscale?<\/h4> \n\t\t\t\t\t\t\t<\/div>\n\n\t\t\t\t\t\t\t<div class=\"title-after_title reset-last-child wd-fontsize-xs\">\n\t\t\t\t\t<p>Nosso modelo \u00e9 simples, transparente e vantajoso para ambas as partes:<\/p><ul><li><p>\ud83d\udce6 <strong>Seu cat\u00e1logo na nossa loja<\/strong><br \/>Cadastramos seus produtos em nossa plataforma, com descri\u00e7\u00f5es profissionais, foco em vendas e divulga\u00e7\u00e3o cont\u00ednua.<\/p><\/li><li><p>\ud83d\uded2 <strong>Venda realizada<\/strong><br \/>Quando um cliente compra seu produto em nossa loja, a Criscale <strong>compra o item diretamente de voc\u00ea<\/strong>, garantindo total seguran\u00e7a comercial.<\/p><\/li><li><p>\ud83d\ude9a <strong>Envio direto ao cliente<\/strong><br \/>Enviamos a <strong>etiqueta dos Correios<\/strong> pronta para voc\u00ea.<br \/>Basta embalar o produto e despachar diretamente para o cliente final.<\/p><\/li><li><p>\ud83e\udd1d <strong>Responsabilidade \u00e9 nossa<\/strong><br \/>Toda a gest\u00e3o de atendimento ao cliente, prazos, acompanhamento, garantias e p\u00f3s-venda \u00e9 de responsabilidade da <strong>Criscale<\/strong>.<\/p><\/li><\/ul>\t\t\t\t<\/div>\n\t\t\t\t\t<\/div>\n\t\t\t\t\t\t<\/div>\n\t\t\t\t<\/div>\n\t\t\t\t<div class=\"elementor-element elementor-element-2ba11a0a wd-width-100 elementor-widget elementor-widget-wd_title\" data-id=\"2ba11a0a\" data-element_type=\"widget\" data-e-type=\"widget\" data-widget_type=\"wd_title.default\">\n\t\t\t\t<div class=\"elementor-widget-container\">\n\t\t\t\t\t\t\t<div class=\"title-wrapper wd-set-mb reset-last-child wd-title-color-default wd-title-style-default wd-title-size-default text-left\">\n\n\t\t\t\n\t\t\t<div class=\"liner-continer\">\n\t\t\t\t<h4 class=\"woodmart-title-container title wd-fontsize-l\">Por que vender seus produtos na Criscale?<\/h4> \n\t\t\t\t\t\t\t<\/div>\n\n\t\t\t\t\t\t\t<div class=\"title-after_title reset-last-child wd-fontsize-xs\">\n\t\t\t\t\t<p>\u2714 Sem custo para expor seu cat\u00e1logo<br \/>\u2714 Sem investimento em marketing ou tr\u00e1fego pago<br \/>\u2714 Venda recorrente sem risco<br \/>\u2714 Opera\u00e7\u00e3o simples e organizada<br \/>\u2714 Parceria s\u00e9ria e de longo prazo<br \/>\u2714 Expans\u00e3o da sua marca no mercado digital<\/p><p>Nosso objetivo \u00e9 construir <strong>parcerias s\u00f3lidas<\/strong>, onde todos crescem juntos.<\/p>\t\t\t\t<\/div>\n\t\t\t\t\t<\/div>\n\t\t\t\t\t\t<\/div>\n\t\t\t\t<\/div>\n\t\t\t\t<div class=\"elementor-element elementor-element-56a0f32 wd-width-100 elementor-widget elementor-widget-wd_title\" data-id=\"56a0f32\" data-element_type=\"widget\" data-e-type=\"widget\" data-widget_type=\"wd_title.default\">\n\t\t\t\t<div class=\"elementor-widget-container\">\n\t\t\t\t\t\t\t<div class=\"title-wrapper wd-set-mb reset-last-child wd-title-color-default wd-title-style-default wd-title-size-default text-left\">\n\n\t\t\t\n\t\t\t<div class=\"liner-continer\">\n\t\t\t\t<h4 class=\"woodmart-title-container title wd-fontsize-l\"><\/h4> \n\t\t\t\t\t\t\t<\/div>\n\n\t\t\t\t\t\t\t<div class=\"title-after_title reset-last-child wd-fontsize-xs\">\n\t\t\t\t\t<h2>Vamos crescer juntos?<\/h2><p>Se voc\u00ea tem produtos de qualidade e deseja vender mais sem complica\u00e7\u00e3o, queremos conhecer voc\u00ea e sua empresa.<\/p>\t\t\t\t<\/div>\n\t\t\t\t\t<\/div>\n\t\t\t\t\t\t<\/div>\n\t\t\t\t<\/div>\n\t\t\t\t<div class=\"elementor-element elementor-element-3b603dbe wd-width-100 elementor-widget elementor-widget-wd_title\" data-id=\"3b603dbe\" data-element_type=\"widget\" data-e-type=\"widget\" data-widget_type=\"wd_title.default\">\n\t\t\t\t<div class=\"elementor-widget-container\">\n\t\t\t\t\t\t\t<div class=\"title-wrapper wd-set-mb reset-last-child wd-title-color-default wd-title-style-default wd-title-size-default text-left\">\n\n\t\t\t\n\t\t\t<div class=\"liner-continer\">\n\t\t\t\t<h4 class=\"woodmart-title-container title wd-fontsize-l\"> Ficou com d\u00favidas ou quer participar?<br \/>\n<br \/>\nEntre em contato conosco:<br \/>\nE-mail: contato@criscale.com.br<br \/>\n<br \/>\nWhatsApp: (31) 9 9589-7573<\/h4> \n\t\t\t\t\t\t\t<\/div>\n\n\t\t\t\t\t<\/div>\n\t\t\t\t\t\t<\/div>\n\t\t\t\t<\/div>\n\t\t\t\t<\/div>\n\t\t\t\t<\/div>\n\t\t\t\t\t<\/div>\n\t\t\t\t<\/div>\n\t\t\t\t<\/div>\n\t\t","protected":false},"excerpt":{"rendered":"<p>Acompanhe seu pedido Sobre n\u00f3s FAQs Nossos Parceiros Trabalhe conosco Contato Show sidebar Venda Seus Produtos na Criscale Seja um<\/p>","protected":false},"author":1,"featured_media":0,"parent":0,"menu_order":0,"comment_status":"closed","ping_status":"closed","template":"","meta":{"footnotes":""},"class_list":["post-31","page","type-page","status-publish","hentry"],"jetpack_sharing_enabled":true,"_links":{"self":[{"href":"https:\/\/criscale.com.br\/en\/wp-json\/wp\/v2\/pages\/31","targetHints":{"allow":["GET"]}}],"collection":[{"href":"https:\/\/criscale.com.br\/en\/wp-json\/wp\/v2\/pages"}],"about":[{"href":"https:\/\/criscale.com.br\/en\/wp-json\/wp\/v2\/types\/page"}],"author":[{"embeddable":true,"href":"https:\/\/criscale.com.br\/en\/wp-json\/wp\/v2\/users\/1"}],"replies":[{"embeddable":true,"href":"https:\/\/criscale.com.br\/en\/wp-json\/wp\/v2\/comments?post=31"}],"version-history":[{"count":6,"href":"https:\/\/criscale.com.br\/en\/wp-json\/wp\/v2\/pages\/31\/revisions"}],"predecessor-version":[{"id":3994,"href":"https:\/\/criscale.com.br\/en\/wp-json\/wp\/v2\/pages\/31\/revisions\/3994"}],"wp:attachment":[{"href":"https:\/\/criscale.com.br\/en\/wp-json\/wp\/v2\/media?parent=31"}],"curies":[{"name":"wp","href":"https:\/\/api.w.org\/{rel}","templated":true}]}}