{"id":35,"date":"2025-01-14T12:03:42","date_gmt":"2025-01-14T12:03:42","guid":{"rendered":"https:\/\/dummy.xtemos.com\/woodmart2\/marketplace2-elementor\/?page_id=35"},"modified":"2025-12-23T21:11:51","modified_gmt":"2025-12-24T00:11:51","slug":"trabalhe-conosco","status":"publish","type":"page","link":"https:\/\/criscale.com.br\/en\/trabalhe-conosco\/","title":{"rendered":"Trabalhe conosco"},"content":{"rendered":"\t\t<div data-elementor-type=\"wp-page\" data-elementor-id=\"35\" class=\"elementor elementor-35\" data-elementor-post-type=\"page\">\n\t\t\t\t<div class=\"wd-negative-gap elementor-element elementor-element-a704229 e-flex e-con-boxed e-con e-parent\" data-id=\"a704229\" data-element_type=\"container\" data-e-type=\"container\">\n\t\t\t\t\t<div class=\"e-con-inner\">\n\t\t<div class=\"wd-sticky-container-lg elementor-element elementor-element-485b79f e-con-full wd-col-offcanvas-md-sm wd-col-offcanvas-sm e-flex wd-alignment-left e-con e-child\" data-id=\"485b79f\" data-element_type=\"container\" data-e-type=\"container\">\n\t\t\t\t<div class=\"elementor-element elementor-element-1627b1f elementor-widget elementor-widget-wd_mega_menu\" data-id=\"1627b1f\" data-element_type=\"widget\" data-e-type=\"widget\" data-widget_type=\"wd_mega_menu.default\">\n\t\t\t\t<div class=\"elementor-widget-container\">\n\t\t\t\t\t\t\t<div class=\"wd-menu widget_nav_mega_menu\">\n\t\t\t\t\t\t<ul id=\"menu-sidebar-menu-marketplace-2\" class=\"menu wd-nav wd-nav-vertical wd-design-simple wd-gap-l\"><li id=\"menu-item-826\" class=\"menu-item menu-item-type-post_type menu-item-object-page menu-item-826 item-level-0 menu-simple-dropdown wd-event-hover\" ><a href=\"https:\/\/criscale.com.br\/en\/acompanhe-seu-pedido\/\" class=\"woodmart-nav-link\"><span class=\"nav-link-text\">Acompanhe seu pedido<\/span><\/a><\/li>\n<li id=\"menu-item-825\" class=\"menu-item menu-item-type-post_type menu-item-object-page menu-item-825 item-level-0 menu-simple-dropdown wd-event-hover\" ><a href=\"https:\/\/criscale.com.br\/en\/sobre-nos\/\" class=\"woodmart-nav-link\"><span class=\"nav-link-text\">Sobre n\u00f3s<\/span><\/a><\/li>\n<li id=\"menu-item-828\" class=\"menu-item menu-item-type-post_type menu-item-object-page menu-item-828 item-level-0 menu-simple-dropdown wd-event-hover\" ><a href=\"https:\/\/criscale.com.br\/en\/faqs\/\" class=\"woodmart-nav-link\"><span class=\"nav-link-text\">FAQs<\/span><\/a><\/li>\n<li id=\"menu-item-829\" class=\"menu-item menu-item-type-post_type menu-item-object-page menu-item-829 item-level-0 menu-simple-dropdown wd-event-hover\" ><a href=\"https:\/\/criscale.com.br\/en\/venda-aqui\/\" class=\"woodmart-nav-link\"><span class=\"nav-link-text\">Venda aqui<\/span><\/a><\/li>\n<li id=\"menu-item-830\" class=\"menu-item menu-item-type-post_type menu-item-object-page menu-item-830 item-level-0 menu-simple-dropdown wd-event-hover\" ><a href=\"https:\/\/criscale.com.br\/en\/trabalhe-conosco\/\" class=\"woodmart-nav-link\"><span class=\"nav-link-text\">Trabalhe conosco<\/span><\/a><\/li>\n<li id=\"menu-item-827\" class=\"menu-item menu-item-type-post_type menu-item-object-page menu-item-827 item-level-0 menu-simple-dropdown wd-event-hover\" ><a href=\"https:\/\/criscale.com.br\/en\/contato\/\" class=\"woodmart-nav-link\"><span class=\"nav-link-text\">Contato<\/span><\/a><\/li>\n<\/ul>\t\t<\/div>\n\t\t\t\t\t\t<\/div>\n\t\t\t\t<\/div>\n\t\t\t\t<\/div>\n\t\t<div class=\"elementor-element elementor-element-f8d0854 e-con-full wd-col-content-md-sm wd-col-content-sm e-flex e-con e-child\" data-id=\"f8d0854\" data-element_type=\"container\" data-e-type=\"container\">\n\t\t<div class=\"elementor-element elementor-element-cd989f3 e-con-full e-flex e-con e-child\" data-id=\"cd989f3\" data-element_type=\"container\" data-e-type=\"container\">\n\t\t\t\t<div class=\"elementor-element elementor-element-451b0e4 elementor-hidden-desktop elementor-widget elementor-widget-wd_builder_off_canvas_column_btn\" data-id=\"451b0e4\" data-element_type=\"widget\" data-e-type=\"widget\" data-settings=\"{&quot;sticky&quot;:&quot;yes&quot;,&quot;sticky_on&quot;:[&quot;desktop&quot;,&quot;tablet&quot;,&quot;mobile&quot;],&quot;sticky_offset&quot;:0,&quot;sticky_effects_offset&quot;:0,&quot;sticky_anchor_link_offset&quot;:0}\" data-widget_type=\"wd_builder_off_canvas_column_btn.default\">\n\t\t\t\t<div class=\"elementor-widget-container\">\n\t\t\t\t\t\n\t\t<div class=\"wd-off-canvas-btn wd-action-btn wd-style-text wd-burger-icon\">\n\t\t\t<a href=\"#\" rel=\"nofollow\">\n\t\t\t\t\t\t\t\tShow sidebar\t\t\t<\/a>\n\t\t<\/div>\n\n\t\t\t\t\t<div class=\"wd-sidebar-opener wd-show-on-scroll wd-action-btn wd-style-icon wd-burger-icon\">\n\t\t\t\t<a href=\"#\" rel=\"nofollow\">\n\t\t\t\t\t\t\t\t\t<\/a>\n\t\t\t<\/div>\n\t\t\t\t\t\t\t\t<\/div>\n\t\t\t\t<\/div>\n\t\t<div class=\"elementor-element elementor-element-c271f92 e-con-full color-scheme-light e-flex e-con e-child\" data-id=\"c271f92\" data-element_type=\"container\" data-e-type=\"container\" data-settings=\"{&quot;background_background&quot;:&quot;classic&quot;}\">\n\t\t\t\t<div class=\"elementor-element elementor-element-a09482f elementor-widget elementor-widget-heading\" data-id=\"a09482f\" data-element_type=\"widget\" data-e-type=\"widget\" data-widget_type=\"heading.default\">\n\t\t\t\t\t<h2 class=\"elementor-heading-title elementor-size-default\">Programa de Afiliados CRISCALE<\/h2>\t\t\t\t<\/div>\n\t\t\t\t<div class=\"elementor-element elementor-element-77a9faf wd-width-100 elementor-widget elementor-widget-wd_title\" data-id=\"77a9faf\" data-element_type=\"widget\" data-e-type=\"widget\" data-widget_type=\"wd_title.default\">\n\t\t\t\t<div class=\"elementor-widget-container\">\n\t\t\t\t\t\t\t<div class=\"title-wrapper wd-set-mb reset-last-child wd-title-color-default wd-title-style-default wd-title-size-default text-center\">\n\n\t\t\t\t\t\t\t\t\t\t\t<div class=\"title-subtitle subtitle-color-default subtitle-style-default wd-fontsize-xs\">\n\t\t\t\t\tGanhe comiss\u00f5es indicando nossos produtos de forma simples e transparente.\t\t\t\t<\/div>\n\t\t\t\n\t\t\t<div class=\"liner-continer\">\n\t\t\t\t<h4 class=\"woodmart-title-container title wd-fontsize-l\"><\/h4> \n\t\t\t\t\t\t\t<\/div>\n\n\t\t\t\t\t\t\t<div class=\"title-after_title reset-last-child wd-fontsize-xs\">\n\t\t\t\t\t\u00a0\t\t\t\t<\/div>\n\t\t\t\t\t<\/div>\n\t\t\t\t\t\t<\/div>\n\t\t\t\t<\/div>\n\t\t\t\t<\/div>\n\t\t\t\t<\/div>\n\t\t<div class=\"elementor-element elementor-element-132a064 e-con-full e-flex e-con e-child\" data-id=\"132a064\" data-element_type=\"container\" data-e-type=\"container\">\n\t\t\t\t<div class=\"elementor-element elementor-element-7e03752 wd-width-100 elementor-widget elementor-widget-wd_title\" data-id=\"7e03752\" data-element_type=\"widget\" data-e-type=\"widget\" data-widget_type=\"wd_title.default\">\n\t\t\t\t<div class=\"elementor-widget-container\">\n\t\t\t\t\t\t\t<div class=\"title-wrapper wd-set-mb reset-last-child wd-title-color-default wd-title-style-default wd-title-size-default text-left\">\n\n\t\t\t\n\t\t\t<div class=\"liner-continer\">\n\t\t\t\t<h4 class=\"woodmart-title-container title wd-fontsize-l\">A CRISCALE possui um Programa de Afiliados<\/h4> \n\t\t\t\t\t\t\t<\/div>\n\n\t\t\t\t\t\t\t<div class=\"title-after_title reset-last-child wd-fontsize-xs\">\n\t\t\t\t\t<p>Criado para quem deseja ganhar dinheiro indicando nossos produtos. Ap\u00f3s a <strong>aprova\u00e7\u00e3o do cadastro<\/strong>, o afiliado recebe um <strong>link exclusivo de divulga\u00e7\u00e3o<\/strong>. Sempre que uma pessoa realizar uma compra por meio desse link, o afiliado recebe uma <strong>comiss\u00e3o de 9% sobre o valor da venda<\/strong>.<\/p>\u00a0\t\t\t\t<\/div>\n\t\t\t\t\t<\/div>\n\t\t\t\t\t\t<\/div>\n\t\t\t\t<\/div>\n\t\t\t\t<div class=\"elementor-element elementor-element-9370393 wd-width-100 elementor-widget elementor-widget-wd_title\" data-id=\"9370393\" data-element_type=\"widget\" data-e-type=\"widget\" data-widget_type=\"wd_title.default\">\n\t\t\t\t<div class=\"elementor-widget-container\">\n\t\t\t\t\t\t\t<div class=\"title-wrapper wd-set-mb reset-last-child wd-title-color-default wd-title-style-default wd-title-size-default text-left\">\n\n\t\t\t\n\t\t\t<div class=\"liner-continer\">\n\t\t\t\t<h4 class=\"woodmart-title-container title wd-fontsize-l\">Disponibilizamos um painel exclusivo do afiliado<\/h4> \n\t\t\t\t\t\t\t<\/div>\n\n\t\t\t\t\t\t\t<div class=\"title-after_title reset-last-child wd-fontsize-xs\">\n\t\t\t\t\t<p>Disponibilizamos um <strong>painel exclusivo do afiliado<\/strong>, onde \u00e9 poss\u00edvel acompanhar em tempo real seus <strong>cliques, vendas, comiss\u00f5es e status de pagamentos<\/strong>, garantindo total transpar\u00eancia dos resultados.<\/p><p>Os <strong>pagamentos das comiss\u00f5es s\u00e3o realizados 10 dias ap\u00f3s o cliente receber o produto<\/strong>, assegurando a valida\u00e7\u00e3o da entrega. Em casos de <strong>cancelamento ou devolu\u00e7\u00e3o do pedido<\/strong>, a comiss\u00e3o referente \u00e0quela venda n\u00e3o ser\u00e1 gerada.<\/p>\t\t\t\t<\/div>\n\t\t\t\t\t<\/div>\n\t\t\t\t\t\t<\/div>\n\t\t\t\t<\/div>\n\t\t\t\t<div class=\"elementor-element elementor-element-f9ac82c wd-width-100 elementor-widget elementor-widget-wd_title\" data-id=\"f9ac82c\" data-element_type=\"widget\" data-e-type=\"widget\" data-widget_type=\"wd_title.default\">\n\t\t\t\t<div class=\"elementor-widget-container\">\n\t\t\t\t\t\t\t<div class=\"title-wrapper wd-set-mb reset-last-child wd-title-color-default wd-title-style-default wd-title-size-default text-left\">\n\n\t\t\t\n\t\t\t<div class=\"liner-continer\">\n\t\t\t\t<h4 class=\"woodmart-title-container title wd-fontsize-l\">Nosso programa \u00e9 ideal para<\/h4> \n\t\t\t\t\t\t\t<\/div>\n\n\t\t\t\t\t\t\t<div class=\"title-after_title reset-last-child wd-fontsize-xs\">\n\t\t\t\t\t<p>Nosso programa \u00e9 ideal para criadores de conte\u00fado, influenciadores, parceiros e qualquer pessoa que deseje monetizar sua audi\u00eancia com uma <strong>marca confi\u00e1vel, suporte dedicado e regras claras<\/strong>.<\/p>\t\t\t\t<\/div>\n\t\t\t\t\t<\/div>\n\t\t\t\t\t\t<\/div>\n\t\t\t\t<\/div>\n\t\t\t\t<div class=\"elementor-element elementor-element-8b569ae wd-width-100 elementor-widget elementor-widget-wd_title\" data-id=\"8b569ae\" data-element_type=\"widget\" data-e-type=\"widget\" data-widget_type=\"wd_title.default\">\n\t\t\t\t<div class=\"elementor-widget-container\">\n\t\t\t\t\t\t\t<div class=\"title-wrapper wd-set-mb reset-last-child wd-title-color-default wd-title-style-default wd-title-size-default text-left\">\n\n\t\t\t\n\t\t\t<div class=\"liner-continer\">\n\t\t\t\t<h4 class=\"woodmart-title-container title wd-fontsize-l\"> Ficou com d\u00favidas ou quer participar?<br \/>\n<br \/>\nEntre em contato conosco:<br \/>\nE-mail: contato@criscale.com.br<br \/>\n<br \/>\nWhatsApp: (31) 9 9589-7573<\/h4> \n\t\t\t\t\t\t\t<\/div>\n\n\t\t\t\t\t<\/div>\n\t\t\t\t\t\t<\/div>\n\t\t\t\t<\/div>\n\t\t\t\t<\/div>\n\t\t\t\t<\/div>\n\t\t\t\t\t<\/div>\n\t\t\t\t<\/div>\n\t\t\t\t<\/div>\n\t\t","protected":false},"excerpt":{"rendered":"<p>Acompanhe seu pedido Sobre n\u00f3s FAQs Nossos Parceiros Trabalhe conosco Contato Show sidebar Programa de Afiliados CRISCALE Ganhe comiss\u00f5es indicando<\/p>","protected":false},"author":1,"featured_media":0,"parent":0,"menu_order":0,"comment_status":"closed","ping_status":"closed","template":"","meta":{"footnotes":""},"class_list":["post-35","page","type-page","status-publish","hentry"],"jetpack_sharing_enabled":true,"_links":{"self":[{"href":"https:\/\/criscale.com.br\/en\/wp-json\/wp\/v2\/pages\/35","targetHints":{"allow":["GET"]}}],"collection":[{"href":"https:\/\/criscale.com.br\/en\/wp-json\/wp\/v2\/pages"}],"about":[{"href":"https:\/\/criscale.com.br\/en\/wp-json\/wp\/v2\/types\/page"}],"author":[{"embeddable":true,"href":"https:\/\/criscale.com.br\/en\/wp-json\/wp\/v2\/users\/1"}],"replies":[{"embeddable":true,"href":"https:\/\/criscale.com.br\/en\/wp-json\/wp\/v2\/comments?post=35"}],"version-history":[{"count":7,"href":"https:\/\/criscale.com.br\/en\/wp-json\/wp\/v2\/pages\/35\/revisions"}],"predecessor-version":[{"id":3986,"href":"https:\/\/criscale.com.br\/en\/wp-json\/wp\/v2\/pages\/35\/revisions\/3986"}],"wp:attachment":[{"href":"https:\/\/criscale.com.br\/en\/wp-json\/wp\/v2\/media?parent=35"}],"curies":[{"name":"wp","href":"https:\/\/api.w.org\/{rel}","templated":true}]}}