{"id":3488,"date":"2025-12-17T15:37:30","date_gmt":"2025-12-17T18:37:30","guid":{"rendered":"https:\/\/criscale.com.br\/produto\/tenis-force-one-premium-estilo-classico-e-qualidade\/"},"modified":"2026-03-09T17:20:14","modified_gmt":"2026-03-09T20:20:14","slug":"tenis-confortavel-force-one-premium-classico","status":"publish","type":"product","link":"https:\/\/criscale.com.br\/en\/product\/tenis-confortavel-force-one-premium-classico\/","title":{"rendered":"T\u00eanis Force One Premium &#8211; Estilo Cl\u00e1ssico e Qualidade"},"content":{"rendered":"<p class=\"ng-star-inserted\"><span class=\"ng-star-inserted\">Apresentamos o T\u00eanis Force One Premium, a releitura de um \u00edcone do estilo urbano. Criado para quem n\u00e3o abre m\u00e3o da atitude de um cl\u00e1ssico, mas exige a qualidade e o conforto de um cal\u00e7ado premium. Perfeito para compor looks cheios de personalidade.<\/span><\/p>\n<p class=\"ng-star-inserted\"><strong class=\"ng-star-inserted\"><span class=\"ng-star-inserted\">Caracter\u00edsticas do produto:<\/span><\/strong><\/p>\n<ul class=\"ng-star-inserted\">\n<li class=\"ng-star-inserted\">\n<p class=\"ng-star-inserted\"><span class=\"ng-star-inserted\">Confeccionado com materiais premium que garantem um acabamento superior e maior durabilidade<\/span><\/p>\n<\/li>\n<li class=\"ng-star-inserted\">\n<p class=\"ng-star-inserted\"><span class=\"ng-star-inserted\">Design ic\u00f4nico inspirado nos cl\u00e1ssicos, que nunca sai de moda<\/span><\/p>\n<\/li>\n<li class=\"ng-star-inserted\">\n<p class=\"ng-star-inserted\"><span class=\"ng-star-inserted\">Palmilha macia para conforto superior, ideal para usar o dia todo<\/span><\/p>\n<\/li>\n<li class=\"ng-star-inserted\">\n<p class=\"ng-star-inserted\"><span class=\"ng-star-inserted\">Solado de borracha costurado, oferecendo m\u00e1xima resist\u00eancia e ader\u00eancia<\/span><\/p>\n<\/li>\n<li class=\"ng-star-inserted\">\n<p class=\"ng-star-inserted\"><span class=\"ng-star-inserted\">Silhueta vers\u00e1til que combina perfeitamente com qualquer estilo, do casual ao despojado<\/span><\/p>\n<\/li>\n<\/ul>\n<p class=\"ng-star-inserted\"><span class=\"ng-star-inserted\">Produto novo, dispon\u00edvel em numera\u00e7\u00e3o completa, pronto para envio imediato. Estoque limitado. Garanta j\u00e1 o seu Force One Premium e sinta a diferen\u00e7a de um cl\u00e1ssico feito com qualidade superior.<\/span><\/p>\n<p class=\"ng-star-inserted\"><strong class=\"ng-star-inserted\"><span class=\"ng-star-inserted\">Garantia do vendedor:<\/span><\/strong><span class=\"ng-star-inserted\">\u00a030 dias contra defeitos de fabrica\u00e7\u00e3o.<\/span><\/p>\n<hr class=\"ng-star-inserted\" \/>\n<div class=\"host-bincmiainjofjnhchmcalkanjebghoen\" style=\"position: relative; z-index: 2147483647;\"><\/div>\n<div class=\"host-bincmiainjofjnhchmcalkanjebghoen\" style=\"position: relative; z-index: 2147483647;\"><\/div>","protected":false},"excerpt":{"rendered":"<p>Apresentamos o T\u00eanis Force One Premium, a releitura de um \u00edcone do estilo urbano. Criado para quem n\u00e3o abre m\u00e3o<\/p>","protected":false},"featured_media":3486,"comment_status":"open","ping_status":"closed","template":"","meta":[],"product_brand":[93],"product_cat":[262,257,107],"product_tag":[],"class_list":{"0":"post-3488","1":"product","2":"type-product","3":"status-publish","4":"has-post-thumbnail","6":"product_brand-fabrica-de-tenis-premium-em-nova-serra","7":"product_cat-calcados-femininos","8":"product_cat-calcados-masculino","9":"product_cat-tenis-masculino","10":"pa_cor-branco","11":"pa_cor-preto","12":"pa_tamanho-100","13":"pa_tamanho-101","14":"pa_tamanho-102","15":"pa_tamanho-117","16":"pa_tamanho-118","17":"pa_tamanho-119","18":"pa_tamanho-120","19":"pa_tamanho-121","20":"pa_tamanho-122","21":"pa_tamanho-123","23":"first","24":"outofstock","25":"shipping-taxable","26":"purchasable","27":"product-type-variable","28":"wvs-archive-product-wrapper"},"jetpack_sharing_enabled":true,"_links":{"self":[{"href":"https:\/\/criscale.com.br\/en\/wp-json\/wp\/v2\/product\/3488","targetHints":{"allow":["GET"]}}],"collection":[{"href":"https:\/\/criscale.com.br\/en\/wp-json\/wp\/v2\/product"}],"about":[{"href":"https:\/\/criscale.com.br\/en\/wp-json\/wp\/v2\/types\/product"}],"replies":[{"embeddable":true,"href":"https:\/\/criscale.com.br\/en\/wp-json\/wp\/v2\/comments?post=3488"}],"version-history":[{"count":5,"href":"https:\/\/criscale.com.br\/en\/wp-json\/wp\/v2\/product\/3488\/revisions"}],"predecessor-version":[{"id":4328,"href":"https:\/\/criscale.com.br\/en\/wp-json\/wp\/v2\/product\/3488\/revisions\/4328"}],"wp:featuredmedia":[{"embeddable":true,"href":"https:\/\/criscale.com.br\/en\/wp-json\/wp\/v2\/media\/3486"}],"wp:attachment":[{"href":"https:\/\/criscale.com.br\/en\/wp-json\/wp\/v2\/media?parent=3488"}],"wp:term":[{"taxonomy":"product_brand","embeddable":true,"href":"https:\/\/criscale.com.br\/en\/wp-json\/wp\/v2\/product_brand?post=3488"},{"taxonomy":"product_cat","embeddable":true,"href":"https:\/\/criscale.com.br\/en\/wp-json\/wp\/v2\/product_cat?post=3488"},{"taxonomy":"product_tag","embeddable":true,"href":"https:\/\/criscale.com.br\/en\/wp-json\/wp\/v2\/product_tag?post=3488"}],"curies":[{"name":"wp","href":"https:\/\/api.w.org\/{rel}","templated":true}]}}