{"id":4091,"date":"2025-12-28T01:22:25","date_gmt":"2025-12-28T04:22:25","guid":{"rendered":"https:\/\/criscale.com.br\/produto\/sandalia-feminina\/"},"modified":"2026-03-07T10:40:57","modified_gmt":"2026-03-07T13:40:57","slug":"sandalia-dourada-feminina-com-salto-grosso","status":"publish","type":"product","link":"https:\/\/criscale.com.br\/en\/product\/sandalia-dourada-feminina-com-salto-grosso\/","title":{"rendered":"Sand\u00e1lia Ouro Light com Salto Grosso e Flor Remov\u00edvel"},"content":{"rendered":"<h2 data-start=\"210\" data-end=\"277\">\u2728 Sand\u00e1lia Feminina Ouro Light com Salto Grosso e Flor Remov\u00edvel<\/h2>\n<h3 data-start=\"279\" data-end=\"330\">Um toque de luxo para transformar qualquer look<\/h3>\n<p data-start=\"332\" data-end=\"646\">A <strong data-start=\"334\" data-end=\"395\">sand\u00e1lia dourada em Napa Ouro Light com acabamento Croco<\/strong> foi criada para mulheres que desejam <strong data-start=\"433\" data-end=\"488\">eleg\u00e2ncia, versatilidade e conforto em cada detalhe<\/strong>. Seu design sofisticado une brilho na medida certa com um visual moderno e atemporal, perfeito para ocasi\u00f5es especiais ou para elevar produ\u00e7\u00f5es do dia a dia.<\/p>\n<p data-start=\"648\" data-end=\"983\">O grande destaque fica por conta da <strong data-start=\"684\" data-end=\"721\">flor em napa ouro light remov\u00edvel<\/strong>, que permite duas formas de uso: com o charme delicado da flor para um visual mais rom\u00e2ntico ou sem o acess\u00f3rio para uma proposta mais clean e sofisticada. A <strong data-start=\"880\" data-end=\"908\">fivela de ajuste dourada<\/strong> garante melhor encaixe aos p\u00e9s e acrescenta requinte ao design.<\/p>\n<p data-start=\"985\" data-end=\"1210\">A palmilha com <strong data-start=\"1000\" data-end=\"1021\">8 mm de espessura<\/strong>, desenvolvida em <strong data-start=\"1039\" data-end=\"1053\">espuma EVA<\/strong>, \u00e9 revestida em <strong data-start=\"1070\" data-end=\"1095\">napa croco ouro light<\/strong>, com <strong data-start=\"1101\" data-end=\"1127\">taloneira em napa bege<\/strong>, proporcionando maciez, conforto e estabilidade mesmo ap\u00f3s longos per\u00edodos de uso.<\/p>\n<p data-start=\"1212\" data-end=\"1487\">O <strong data-start=\"1214\" data-end=\"1238\">salto grosso de 9 cm<\/strong>, revestido em napa croco ouro light, oferece a altura ideal para alongar a silhueta sem abrir m\u00e3o da seguran\u00e7a ao caminhar. J\u00e1 o <strong data-start=\"1368\" data-end=\"1399\">solado em TR antiderrapante<\/strong>, na cor bege, assegura firmeza, durabilidade e tranquilidade em diferentes superf\u00edcies.<\/p>\n<p data-start=\"1489\" data-end=\"1649\">\u2728 Uma sand\u00e1lia pensada para mulheres que gostam de <strong data-start=\"1540\" data-end=\"1582\">versatilidade, sofistica\u00e7\u00e3o e conforto<\/strong>, capaz de transformar qualquer look com eleg\u00e2ncia e personalidade.<\/p>\n<div class=\"host-bincmiainjofjnhchmcalkanjebghoen\" style=\"position: relative; z-index: 2147483647;\"><\/div>","protected":false},"excerpt":{"rendered":"<p><em><strong>Um toque de luxo para transformar qualquer look<\/strong><\/em><\/p>\n<div class=\"host-bincmiainjofjnhchmcalkanjebghoen\" style=\"position: relative; z-index: 2147483647;\"><\/div>","protected":false},"featured_media":4083,"comment_status":"open","ping_status":"closed","template":"","meta":[],"product_brand":[265],"product_cat":[262,108],"product_tag":[268,270],"class_list":{"0":"post-4091","1":"product","2":"type-product","3":"status-publish","4":"has-post-thumbnail","6":"product_brand-torricella","7":"product_cat-calcados-femininos","8":"product_cat-sandalias","9":"product_tag-sandalia","10":"product_tag-sandalia-dourada","11":"pa_cor-dourado","12":"pa_tamanho-100","13":"pa_tamanho-101","14":"pa_tamanho-102","15":"pa_tamanho-117","16":"pa_tamanho-118","17":"pa_tamanho-119","19":"first","20":"outofstock","21":"shipping-taxable","22":"purchasable","23":"product-type-variable","24":"wvs-archive-product-wrapper"},"jetpack_sharing_enabled":true,"_links":{"self":[{"href":"https:\/\/criscale.com.br\/en\/wp-json\/wp\/v2\/product\/4091","targetHints":{"allow":["GET"]}}],"collection":[{"href":"https:\/\/criscale.com.br\/en\/wp-json\/wp\/v2\/product"}],"about":[{"href":"https:\/\/criscale.com.br\/en\/wp-json\/wp\/v2\/types\/product"}],"replies":[{"embeddable":true,"href":"https:\/\/criscale.com.br\/en\/wp-json\/wp\/v2\/comments?post=4091"}],"version-history":[{"count":3,"href":"https:\/\/criscale.com.br\/en\/wp-json\/wp\/v2\/product\/4091\/revisions"}],"predecessor-version":[{"id":4104,"href":"https:\/\/criscale.com.br\/en\/wp-json\/wp\/v2\/product\/4091\/revisions\/4104"}],"wp:featuredmedia":[{"embeddable":true,"href":"https:\/\/criscale.com.br\/en\/wp-json\/wp\/v2\/media\/4083"}],"wp:attachment":[{"href":"https:\/\/criscale.com.br\/en\/wp-json\/wp\/v2\/media?parent=4091"}],"wp:term":[{"taxonomy":"product_brand","embeddable":true,"href":"https:\/\/criscale.com.br\/en\/wp-json\/wp\/v2\/product_brand?post=4091"},{"taxonomy":"product_cat","embeddable":true,"href":"https:\/\/criscale.com.br\/en\/wp-json\/wp\/v2\/product_cat?post=4091"},{"taxonomy":"product_tag","embeddable":true,"href":"https:\/\/criscale.com.br\/en\/wp-json\/wp\/v2\/product_tag?post=4091"}],"curies":[{"name":"wp","href":"https:\/\/api.w.org\/{rel}","templated":true}]}}