{"id":4135,"date":"2026-01-04T19:17:16","date_gmt":"2026-01-04T22:17:16","guid":{"rendered":"https:\/\/criscale.com.br\/produto\/sandalia-feminina-3\/"},"modified":"2026-03-19T14:10:32","modified_gmt":"2026-03-19T17:10:32","slug":"sandalia-caramelo-salto-grosso-detalhes","status":"publish","type":"product","link":"https:\/\/criscale.com.br\/en\/product\/sandalia-caramelo-salto-grosso-detalhes\/","title":{"rendered":"Sand\u00e1lia Caramelo com Salto Grosso 9cm e Detalhes Dourados"},"content":{"rendered":"<h2 data-start=\"222\" data-end=\"295\">\ud83d\udc61 Sand\u00e1lia Feminina Caramelo com Salto Grosso 9cm e Detalhes Dourados<\/h2>\n<h3 data-start=\"297\" data-end=\"358\">Eleg\u00e2ncia, conforto e seguran\u00e7a para valorizar cada passo<\/h3>\n<p data-start=\"360\" data-end=\"618\">Essa <strong data-start=\"365\" data-end=\"403\">sand\u00e1lia feminina em napa caramelo<\/strong> foi criada para mulheres que buscam <strong data-start=\"440\" data-end=\"482\">sofistica\u00e7\u00e3o sem abrir m\u00e3o do conforto<\/strong>. Seu design elegante combina perfeitamente com looks casuais ou mais refinados, tornando-se uma pe\u00e7a indispens\u00e1vel no seu guarda-roupa.<\/p>\n<p data-start=\"620\" data-end=\"964\">Os <strong data-start=\"623\" data-end=\"657\">apliques em ABS na cor dourada<\/strong>, aliados \u00e0 <strong data-start=\"669\" data-end=\"697\">fivela de ajuste dourada<\/strong>, trazem um toque de luxo e modernidade, al\u00e9m de garantir melhor encaixe aos p\u00e9s. A palmilha com <strong data-start=\"794\" data-end=\"815\">8 mm de espessura<\/strong>, produzida em <strong data-start=\"830\" data-end=\"844\">espuma EVA<\/strong>, \u00e9 revestida em napa caramelo com <strong data-start=\"879\" data-end=\"905\">taloneira em napa bege<\/strong>, proporcionando maciez e conforto mesmo ap\u00f3s horas de uso.<\/p>\n<p data-start=\"966\" data-end=\"1270\">O <strong data-start=\"968\" data-end=\"992\">salto grosso de 9 cm<\/strong>, revestido em napa caramelo, oferece a altura ideal para alongar a silhueta sem comprometer a estabilidade, garantindo mais seguran\u00e7a ao caminhar. J\u00e1 o <strong data-start=\"1145\" data-end=\"1180\">solado em TR com antiderrapante<\/strong>, na cor bege, assegura firmeza, durabilidade e tranquilidade em diferentes tipos de piso.<\/p>\n<p data-start=\"1272\" data-end=\"1446\">Al\u00e9m de linda e confort\u00e1vel, essa sand\u00e1lia \u00e9 pr\u00e1tica e resistente, enviada em caixa com dimens\u00f5es de <strong data-start=\"1373\" data-end=\"1393\">28 x 20 x 9,5 cm<\/strong>, ideal para proteger o produto durante o transporte.<\/p>\n<p data-start=\"1448\" data-end=\"1627\">\u2728 Uma sand\u00e1lia pensada para mulheres que valorizam <strong data-start=\"1499\" data-end=\"1547\">estilo, conforto e qualidade em cada detalhe<\/strong>. Perfeita para acompanhar voc\u00ea do dia a dia a ocasi\u00f5es especiais com eleg\u00e2ncia.<\/p>\n<div class=\"host-bincmiainjofjnhchmcalkanjebghoen\" style=\"position: relative; z-index: 2147483647;\"><\/div>\n<p>&nbsp;<\/p>\n<p>&nbsp;<\/p>","protected":false},"excerpt":{"rendered":"<p>&nbsp;<\/p>\n<div class=\"host-bincmiainjofjnhchmcalkanjebghoen\" style=\"position: relative; z-index: 2147483647;\"><\/div>","protected":false},"featured_media":4129,"comment_status":"open","ping_status":"closed","template":"","meta":[],"product_brand":[265],"product_cat":[262,108],"product_tag":[268,269],"class_list":{"0":"post-4135","1":"product","2":"type-product","3":"status-publish","4":"has-post-thumbnail","6":"product_brand-torricella","7":"product_cat-calcados-femininos","8":"product_cat-sandalias","9":"product_tag-sandalia","10":"product_tag-sandalia-caramelo","11":"pa_cor-caramelo","12":"pa_tamanho-100","13":"pa_tamanho-101","14":"pa_tamanho-102","15":"pa_tamanho-117","16":"pa_tamanho-118","17":"pa_tamanho-119","19":"first","20":"instock","21":"shipping-taxable","22":"purchasable","23":"product-type-variable","24":"wvs-archive-product-wrapper"},"jetpack_sharing_enabled":true,"_links":{"self":[{"href":"https:\/\/criscale.com.br\/en\/wp-json\/wp\/v2\/product\/4135","targetHints":{"allow":["GET"]}}],"collection":[{"href":"https:\/\/criscale.com.br\/en\/wp-json\/wp\/v2\/product"}],"about":[{"href":"https:\/\/criscale.com.br\/en\/wp-json\/wp\/v2\/types\/product"}],"replies":[{"embeddable":true,"href":"https:\/\/criscale.com.br\/en\/wp-json\/wp\/v2\/comments?post=4135"}],"version-history":[{"count":3,"href":"https:\/\/criscale.com.br\/en\/wp-json\/wp\/v2\/product\/4135\/revisions"}],"predecessor-version":[{"id":4182,"href":"https:\/\/criscale.com.br\/en\/wp-json\/wp\/v2\/product\/4135\/revisions\/4182"}],"wp:featuredmedia":[{"embeddable":true,"href":"https:\/\/criscale.com.br\/en\/wp-json\/wp\/v2\/media\/4129"}],"wp:attachment":[{"href":"https:\/\/criscale.com.br\/en\/wp-json\/wp\/v2\/media?parent=4135"}],"wp:term":[{"taxonomy":"product_brand","embeddable":true,"href":"https:\/\/criscale.com.br\/en\/wp-json\/wp\/v2\/product_brand?post=4135"},{"taxonomy":"product_cat","embeddable":true,"href":"https:\/\/criscale.com.br\/en\/wp-json\/wp\/v2\/product_cat?post=4135"},{"taxonomy":"product_tag","embeddable":true,"href":"https:\/\/criscale.com.br\/en\/wp-json\/wp\/v2\/product_tag?post=4135"}],"curies":[{"name":"wp","href":"https:\/\/api.w.org\/{rel}","templated":true}]}}