{"id":4191,"date":"2026-01-05T16:08:34","date_gmt":"2026-01-05T19:08:34","guid":{"rendered":"https:\/\/criscale.com.br\/produto\/sandalia-feminina\/"},"modified":"2026-03-20T14:10:46","modified_gmt":"2026-03-20T17:10:46","slug":"sandalia-preta-com-detalhes-ouro-salto-fino","status":"publish","type":"product","link":"https:\/\/criscale.com.br\/en\/product\/sandalia-preta-com-detalhes-ouro-salto-fino\/","title":{"rendered":"Sand\u00e1lia Preta com Detalhes Ouro Light e Salto Fino 9cm"},"content":{"rendered":"<h3 data-start=\"299\" data-end=\"355\">Sofistica\u00e7\u00e3o, poder e eleg\u00e2ncia para marcar presen\u00e7a<\/h3>\n<p data-start=\"357\" data-end=\"688\">Essa <strong data-start=\"362\" data-end=\"431\">sand\u00e1lia preta em napa preta com detalhe metalizado ouro light<\/strong> \u00e9 a escolha perfeita para mulheres que gostam de transmitir <strong data-start=\"492\" data-end=\"532\">confian\u00e7a, eleg\u00e2ncia e personalidade<\/strong> em cada passo. Seu design moderno e sofisticado valoriza o visual, tornando-se ideal para ocasi\u00f5es especiais, eventos noturnos ou produ\u00e7\u00f5es mais refinadas.<\/p>\n<p data-start=\"690\" data-end=\"1006\">A <strong data-start=\"692\" data-end=\"720\">fivela de ajuste dourada<\/strong> adiciona um toque de luxo ao modelo e garante um encaixe seguro e confort\u00e1vel aos p\u00e9s. A palmilha com <strong data-start=\"823\" data-end=\"844\">8 mm de espessura<\/strong>, desenvolvida em <strong data-start=\"862\" data-end=\"876\">espuma EVA<\/strong>, \u00e9 revestida em napa preta com <strong data-start=\"908\" data-end=\"934\">taloneira no mesmo tom<\/strong>, proporcionando maciez e conforto mesmo durante longos per\u00edodos de uso.<\/p>\n<p data-start=\"1008\" data-end=\"1295\">O <strong data-start=\"1010\" data-end=\"1032\">salto fino de 9 cm<\/strong>, pintado na cor preta, alonga a silhueta e traz leveza ao caminhar, sem perder a eleg\u00e2ncia cl\u00e1ssica que nunca sai de moda. J\u00e1 o <strong data-start=\"1161\" data-end=\"1197\">solado em PVC com antiderrapante<\/strong>, tamb\u00e9m na cor preta, oferece seguran\u00e7a, estabilidade e durabilidade em diferentes tipos de piso.<\/p>\n<p data-start=\"1297\" data-end=\"1464\">Vers\u00e1til e atemporal, essa sand\u00e1lia combina perfeitamente com vestidos, saias, cal\u00e7as e looks mais sofisticados, sendo uma pe\u00e7a indispens\u00e1vel no guarda-roupa feminino.<\/p>\n<p data-start=\"1466\" data-end=\"1626\">\u2728 Uma sand\u00e1lia pensada para mulheres que desejam <strong data-start=\"1515\" data-end=\"1570\">eleg\u00e2ncia marcante, conforto e acabamento impec\u00e1vel<\/strong>, perfeita para destacar seu estilo em qualquer ocasi\u00e3o.<\/p>\n<div class=\"host-bincmiainjofjnhchmcalkanjebghoen\" style=\"position: relative; z-index: 2147483647;\"><\/div>","protected":false},"excerpt":{"rendered":"<p><em><strong>Sofistica\u00e7\u00e3o, poder e eleg\u00e2ncia para marcar presen\u00e7a!<\/strong><\/em><\/p>\n<div class=\"host-bincmiainjofjnhchmcalkanjebghoen\" style=\"position: relative; z-index: 2147483647;\"><\/div>","protected":false},"featured_media":4185,"comment_status":"open","ping_status":"closed","template":"","meta":[],"product_brand":[265],"product_cat":[262,108],"product_tag":[268,271],"class_list":{"0":"post-4191","1":"product","2":"type-product","3":"status-publish","4":"has-post-thumbnail","6":"product_brand-torricella","7":"product_cat-calcados-femininos","8":"product_cat-sandalias","9":"product_tag-sandalia","10":"product_tag-sandalia-preta","11":"pa_cor-preto","12":"pa_tamanho-100","13":"pa_tamanho-101","14":"pa_tamanho-102","15":"pa_tamanho-117","16":"pa_tamanho-118","17":"pa_tamanho-119","19":"first","20":"instock","21":"shipping-taxable","22":"purchasable","23":"product-type-variable","24":"wvs-archive-product-wrapper"},"jetpack_sharing_enabled":true,"_links":{"self":[{"href":"https:\/\/criscale.com.br\/en\/wp-json\/wp\/v2\/product\/4191","targetHints":{"allow":["GET"]}}],"collection":[{"href":"https:\/\/criscale.com.br\/en\/wp-json\/wp\/v2\/product"}],"about":[{"href":"https:\/\/criscale.com.br\/en\/wp-json\/wp\/v2\/types\/product"}],"replies":[{"embeddable":true,"href":"https:\/\/criscale.com.br\/en\/wp-json\/wp\/v2\/comments?post=4191"}],"version-history":[{"count":3,"href":"https:\/\/criscale.com.br\/en\/wp-json\/wp\/v2\/product\/4191\/revisions"}],"predecessor-version":[{"id":4204,"href":"https:\/\/criscale.com.br\/en\/wp-json\/wp\/v2\/product\/4191\/revisions\/4204"}],"wp:featuredmedia":[{"embeddable":true,"href":"https:\/\/criscale.com.br\/en\/wp-json\/wp\/v2\/media\/4185"}],"wp:attachment":[{"href":"https:\/\/criscale.com.br\/en\/wp-json\/wp\/v2\/media?parent=4191"}],"wp:term":[{"taxonomy":"product_brand","embeddable":true,"href":"https:\/\/criscale.com.br\/en\/wp-json\/wp\/v2\/product_brand?post=4191"},{"taxonomy":"product_cat","embeddable":true,"href":"https:\/\/criscale.com.br\/en\/wp-json\/wp\/v2\/product_cat?post=4191"},{"taxonomy":"product_tag","embeddable":true,"href":"https:\/\/criscale.com.br\/en\/wp-json\/wp\/v2\/product_tag?post=4191"}],"curies":[{"name":"wp","href":"https:\/\/api.w.org\/{rel}","templated":true}]}}