{"id":4237,"date":"2026-01-05T17:02:34","date_gmt":"2026-01-05T20:02:34","guid":{"rendered":"https:\/\/criscale.com.br\/produto\/sandalia-feminina\/"},"modified":"2026-03-19T18:10:33","modified_gmt":"2026-03-19T21:10:33","slug":"sandalia-de-salto-preta-com-salto-detalhes","status":"publish","type":"product","link":"https:\/\/criscale.com.br\/en\/product\/sandalia-de-salto-preta-com-salto-detalhes\/","title":{"rendered":"Sand\u00e1lia Salto Grosso 9cm em Napa Preta com Detalhes Dourados \u2013 Conforto e Eleg\u00e2ncia"},"content":{"rendered":"<p data-start=\"308\" data-end=\"523\">Eleve seu visual com uma sand\u00e1lia que une <strong data-start=\"350\" data-end=\"388\">sofistica\u00e7\u00e3o, conforto e seguran\u00e7a<\/strong> em cada detalhe.<br data-start=\"405\" data-end=\"408\" \/>A <strong data-start=\"410\" data-end=\"445\">Sand\u00e1lia de Salto Preta<\/strong> \u00e9 a escolha perfeita para quem busca eleg\u00e2ncia sem abrir m\u00e3o da estabilidade.<\/p>\n<p data-start=\"525\" data-end=\"772\">Produzida em <strong data-start=\"538\" data-end=\"570\">napa preta de alta qualidade<\/strong>, ela conta com <strong data-start=\"586\" data-end=\"620\">apliques em ABS na cor dourada<\/strong>, trazendo um toque moderno e refinado ao look. A <strong data-start=\"670\" data-end=\"699\">fivela dourada com ajuste<\/strong> garante melhor encaixe aos p\u00e9s, proporcionando mais firmeza ao caminhar.<\/p>\n<p data-start=\"774\" data-end=\"1094\">A <strong data-start=\"776\" data-end=\"810\">palmilha com 8 mm de espessura<\/strong>, confeccionada em <strong data-start=\"829\" data-end=\"843\">espuma EVA<\/strong> e revestida em napa preta, oferece <strong data-start=\"879\" data-end=\"902\">conforto prolongado<\/strong>, ideal para uso di\u00e1rio ou ocasi\u00f5es especiais. J\u00e1 o <strong data-start=\"954\" data-end=\"978\">salto grosso de 9 cm<\/strong>, tamb\u00e9m revestido em napa preta, proporciona <strong data-start=\"1024\" data-end=\"1055\">mais equil\u00edbrio e seguran\u00e7a<\/strong>, valorizando a silhueta com eleg\u00e2ncia.<\/p>\n<p data-start=\"1096\" data-end=\"1255\">O <strong data-start=\"1098\" data-end=\"1129\">solado em TR antiderrapante<\/strong> garante estabilidade em diferentes superf\u00edcies, tornando essa sand\u00e1lia perfeita para eventos, trabalho ou momentos especiais.<\/p>\n<p data-start=\"1257\" data-end=\"1288\">\ud83d\udc49 <strong data-start=\"1260\" data-end=\"1285\">Ideal para quem busca<\/strong>:<\/p>\n<ul data-start=\"1289\" data-end=\"1429\">\n<li data-start=\"1289\" data-end=\"1319\">\n<p data-start=\"1291\" data-end=\"1319\">Sand\u00e1lia feminina elegante<\/p>\n<\/li>\n<li data-start=\"1320\" data-end=\"1348\">\n<p data-start=\"1322\" data-end=\"1348\">Salto grosso confort\u00e1vel<\/p>\n<\/li>\n<li data-start=\"1349\" data-end=\"1389\">\n<p data-start=\"1351\" data-end=\"1389\">Sand\u00e1lia preta com detalhes dourados<\/p>\n<\/li>\n<li data-start=\"1390\" data-end=\"1429\">\n<p data-start=\"1392\" data-end=\"1429\">Estilo e seguran\u00e7a em um s\u00f3 produto<\/p>\n<\/li>\n<\/ul>\n<p data-start=\"1431\" data-end=\"1507\">\u2728 Aposte nessa sand\u00e1lia e transforme qualquer look em uma produ\u00e7\u00e3o poderosa!<\/p>\n<div class=\"host-bincmiainjofjnhchmcalkanjebghoen\" style=\"position: relative; z-index: 2147483647;\"><\/div>\n<div class=\"btn-bubble-icon\"><\/div>","protected":false},"excerpt":{"rendered":"<h2><em><strong>Eleve seu visual com uma sand\u00e1lia que une sofistica\u00e7\u00e3o!<\/strong><\/em><\/h2>\n<div class=\"host-bincmiainjofjnhchmcalkanjebghoen\" style=\"position: relative; z-index: 2147483647;\"><\/div>\n<div class=\"btn-bubble-icon\"><\/div>","protected":false},"featured_media":4231,"comment_status":"open","ping_status":"closed","template":"","meta":[],"product_brand":[],"product_cat":[262,108],"product_tag":[268,272],"class_list":{"0":"post-4237","1":"product","2":"type-product","3":"status-publish","4":"has-post-thumbnail","6":"product_cat-calcados-femininos","7":"product_cat-sandalias","8":"product_tag-sandalia","9":"product_tag-sandalia-de-salto-preta","10":"pa_cor-preto","11":"pa_tamanho-100","12":"pa_tamanho-101","13":"pa_tamanho-102","14":"pa_tamanho-117","15":"pa_tamanho-118","16":"pa_tamanho-119","18":"first","19":"instock","20":"shipping-taxable","21":"purchasable","22":"product-type-variable","23":"wvs-archive-product-wrapper"},"jetpack_sharing_enabled":true,"_links":{"self":[{"href":"https:\/\/criscale.com.br\/en\/wp-json\/wp\/v2\/product\/4237","targetHints":{"allow":["GET"]}}],"collection":[{"href":"https:\/\/criscale.com.br\/en\/wp-json\/wp\/v2\/product"}],"about":[{"href":"https:\/\/criscale.com.br\/en\/wp-json\/wp\/v2\/types\/product"}],"replies":[{"embeddable":true,"href":"https:\/\/criscale.com.br\/en\/wp-json\/wp\/v2\/comments?post=4237"}],"version-history":[{"count":3,"href":"https:\/\/criscale.com.br\/en\/wp-json\/wp\/v2\/product\/4237\/revisions"}],"predecessor-version":[{"id":4250,"href":"https:\/\/criscale.com.br\/en\/wp-json\/wp\/v2\/product\/4237\/revisions\/4250"}],"wp:featuredmedia":[{"embeddable":true,"href":"https:\/\/criscale.com.br\/en\/wp-json\/wp\/v2\/media\/4231"}],"wp:attachment":[{"href":"https:\/\/criscale.com.br\/en\/wp-json\/wp\/v2\/media?parent=4237"}],"wp:term":[{"taxonomy":"product_brand","embeddable":true,"href":"https:\/\/criscale.com.br\/en\/wp-json\/wp\/v2\/product_brand?post=4237"},{"taxonomy":"product_cat","embeddable":true,"href":"https:\/\/criscale.com.br\/en\/wp-json\/wp\/v2\/product_cat?post=4237"},{"taxonomy":"product_tag","embeddable":true,"href":"https:\/\/criscale.com.br\/en\/wp-json\/wp\/v2\/product_tag?post=4237"}],"curies":[{"name":"wp","href":"https:\/\/api.w.org\/{rel}","templated":true}]}}