{"id":4259,"date":"2026-01-05T17:40:10","date_gmt":"2026-01-05T20:40:10","guid":{"rendered":"https:\/\/criscale.com.br\/produto\/sandalia-feminina\/"},"modified":"2026-03-16T10:11:31","modified_gmt":"2026-03-16T13:11:31","slug":"sandalia-rosa-com-salto-e-fivela-dourada","status":"publish","type":"product","link":"https:\/\/criscale.com.br\/en\/product\/sandalia-rosa-com-salto-e-fivela-dourada\/","title":{"rendered":"Sand\u00e1lia em Napa Rosa com Salto Grosso 7cm \u2013 Eleg\u00e2ncia, Conforto e Estilo em Cada Passo"},"content":{"rendered":"<p data-start=\"232\" data-end=\"505\">Encante-se com a sand\u00e1lia perfeita para quem ama unir <strong data-start=\"286\" data-end=\"325\">delicadeza, conforto e sofistica\u00e7\u00e3o<\/strong> em um \u00fanico produto. A <strong data-start=\"349\" data-end=\"383\">Sand\u00e1lia\u00a0 Rosa<\/strong> foi desenvolvida para valorizar seus looks com um toque moderno e feminino, ideal para o dia a dia ou ocasi\u00f5es especiais.<\/p>\n<p data-start=\"507\" data-end=\"743\">Confeccionada em <strong data-start=\"524\" data-end=\"555\">napa rosa de alta qualidade<\/strong>, ela traz um design elegante e atemporal. A <strong data-start=\"600\" data-end=\"635\">fivela de ajuste na cor dourada<\/strong> adiciona charme ao visual e garante um encaixe perfeito aos p\u00e9s, proporcionando mais seguran\u00e7a ao caminhar.<\/p>\n<p data-start=\"745\" data-end=\"1127\">Sua <strong data-start=\"749\" data-end=\"783\">palmilha com 8 mm de espessura<\/strong>, produzida em <strong data-start=\"798\" data-end=\"812\">espuma EVA<\/strong> e revestida em napa rosa, oferece <strong data-start=\"847\" data-end=\"879\">maciez e conforto prolongado<\/strong>, enquanto a <strong data-start=\"892\" data-end=\"918\">taloneira em napa bege<\/strong> complementa o acabamento com sofistica\u00e7\u00e3o. O <strong data-start=\"964\" data-end=\"988\">salto grosso de 7 cm<\/strong>, tamb\u00e9m revestido em napa rosa, garante <strong data-start=\"1029\" data-end=\"1069\">estabilidade, equil\u00edbrio e eleg\u00e2ncia<\/strong>, ideal para quem deseja altura sem abrir m\u00e3o do conforto.<\/p>\n<p data-start=\"1129\" data-end=\"1264\">O <strong data-start=\"1131\" data-end=\"1179\">solado em PVC com antiderrapante na cor bege<\/strong> proporciona maior ader\u00eancia ao solo, oferecendo seguran\u00e7a em diferentes superf\u00edcies.<\/p>\n<p data-start=\"1266\" data-end=\"1399\"><span dir=\"auto\" style=\"vertical-align: inherit;\"><span dir=\"auto\" style=\"vertical-align: inherit;\">\u2728 <\/span><\/span><strong data-start=\"1268\" data-end=\"1336\"><span dir=\"auto\" style=\"vertical-align: inherit;\"><span dir=\"auto\" style=\"vertical-align: inherit;\">Perfeita para combinar com vestidos, saias, jeans ou alfaiataria<\/span><\/span><\/strong><span dir=\"auto\" style=\"vertical-align: inherit;\"><span dir=\"auto\" style=\"vertical-align: inherit;\"> , essa sand\u00e1lia \u00e9 vers\u00e1til e indispens\u00e1vel no seu guarda-roupa.<\/span><\/span><\/p>\n<div class=\"host-bincmiainjofjnhchmcalkanjebghoen\" style=\"position: relative; z-index: 2147483647;\"><\/div>\n<div class=\"btn-bubble-icon\"><\/div>\n<div class=\"host-bincmiainjofjnhchmcalkanjebghoen\" style=\"position: relative; z-index: 2147483647;\"><\/div>","protected":false},"excerpt":{"rendered":"<h2><em><strong>Encante-se com a sand\u00e1lia perfeita para quem ama unir delicadeza, conforto e sofistica\u00e7\u00e3o!<\/strong><\/em><\/h2>\n<div class=\"host-bincmiainjofjnhchmcalkanjebghoen\" style=\"position: relative; z-index: 2147483647;\"><\/div>\n<div class=\"host-bincmiainjofjnhchmcalkanjebghoen\" style=\"position: relative; z-index: 2147483647;\"><\/div>","protected":false},"featured_media":4253,"comment_status":"open","ping_status":"closed","template":"","meta":[],"product_brand":[265],"product_cat":[262,108],"product_tag":[268,274],"class_list":{"0":"post-4259","1":"product","2":"type-product","3":"status-publish","4":"has-post-thumbnail","6":"product_brand-torricella","7":"product_cat-calcados-femininos","8":"product_cat-sandalias","9":"product_tag-sandalia","10":"product_tag-sandalia-rosa","11":"pa_cor-rose","12":"pa_tamanho-100","13":"pa_tamanho-101","14":"pa_tamanho-102","15":"pa_tamanho-117","16":"pa_tamanho-118","17":"pa_tamanho-119","19":"first","20":"instock","21":"shipping-taxable","22":"purchasable","23":"product-type-variable","24":"wvs-archive-product-wrapper"},"jetpack_sharing_enabled":true,"_links":{"self":[{"href":"https:\/\/criscale.com.br\/en\/wp-json\/wp\/v2\/product\/4259","targetHints":{"allow":["GET"]}}],"collection":[{"href":"https:\/\/criscale.com.br\/en\/wp-json\/wp\/v2\/product"}],"about":[{"href":"https:\/\/criscale.com.br\/en\/wp-json\/wp\/v2\/types\/product"}],"replies":[{"embeddable":true,"href":"https:\/\/criscale.com.br\/en\/wp-json\/wp\/v2\/comments?post=4259"}],"version-history":[{"count":4,"href":"https:\/\/criscale.com.br\/en\/wp-json\/wp\/v2\/product\/4259\/revisions"}],"predecessor-version":[{"id":4276,"href":"https:\/\/criscale.com.br\/en\/wp-json\/wp\/v2\/product\/4259\/revisions\/4276"}],"wp:featuredmedia":[{"embeddable":true,"href":"https:\/\/criscale.com.br\/en\/wp-json\/wp\/v2\/media\/4253"}],"wp:attachment":[{"href":"https:\/\/criscale.com.br\/en\/wp-json\/wp\/v2\/media?parent=4259"}],"wp:term":[{"taxonomy":"product_brand","embeddable":true,"href":"https:\/\/criscale.com.br\/en\/wp-json\/wp\/v2\/product_brand?post=4259"},{"taxonomy":"product_cat","embeddable":true,"href":"https:\/\/criscale.com.br\/en\/wp-json\/wp\/v2\/product_cat?post=4259"},{"taxonomy":"product_tag","embeddable":true,"href":"https:\/\/criscale.com.br\/en\/wp-json\/wp\/v2\/product_tag?post=4259"}],"curies":[{"name":"wp","href":"https:\/\/api.w.org\/{rel}","templated":true}]}}