{"id":4449,"date":"2026-01-08T22:18:50","date_gmt":"2026-01-09T01:18:50","guid":{"rendered":"https:\/\/criscale.com.br\/produto\/sandalia-meia-pata-feminina\/"},"modified":"2026-03-16T09:32:47","modified_gmt":"2026-03-16T12:32:47","slug":"sandalia-colorida-salto-bloco-meia-pata-confortavel","status":"publish","type":"product","link":"https:\/\/criscale.com.br\/en\/product\/sandalia-colorida-salto-bloco-meia-pata-confortavel\/","title":{"rendered":"Sand\u00e1lia Que Rouba Olhares e Transforma Seu Look em um Verdadeiro Espet\u00e1culo"},"content":{"rendered":"<h2 data-start=\"156\" data-end=\"241\"><strong data-start=\"159\" data-end=\"241\">A Sand\u00e1lia Que Rouba Olhares e Transforma Seu Look em um Verdadeiro Espet\u00e1culo<\/strong><\/h2>\n<h3 data-start=\"243\" data-end=\"357\"><strong data-start=\"247\" data-end=\"357\">Para mulheres que n\u00e3o passam despercebidas, que amam cores, presen\u00e7a e eleg\u00e2ncia sem abrir m\u00e3o do conforto<\/strong><\/h3>\n<p data-start=\"359\" data-end=\"608\">Essa sand\u00e1lia n\u00e3o \u00e9 apenas um cal\u00e7ado \u2014 \u00e9 uma declara\u00e7\u00e3o de estilo. A combina\u00e7\u00e3o vibrante entre <strong data-start=\"455\" data-end=\"484\">Napa Laranja e Napa Verde<\/strong> cria um visual moderno, ousado e cheio de personalidade, perfeito para mulheres que gostam de se destacar com sofistica\u00e7\u00e3o.<\/p>\n<p data-start=\"610\" data-end=\"942\">Cada detalhe foi pensado para entregar n\u00e3o s\u00f3 beleza, mas tamb\u00e9m <strong data-start=\"675\" data-end=\"692\">conforto real<\/strong>. A <strong data-start=\"696\" data-end=\"719\">meia pata de 3,5 cm<\/strong> reduz a inclina\u00e7\u00e3o do p\u00e9, proporcionando mais equil\u00edbrio e menos impacto ao caminhar. J\u00e1 o <strong data-start=\"811\" data-end=\"835\">salto bloco de 11 cm<\/strong>, revestido em Napa Caramelo, traz impon\u00eancia, estabilidade e aquele efeito poderoso que alonga a silhueta.<\/p>\n<p data-start=\"944\" data-end=\"1245\">A palmilha com <strong data-start=\"959\" data-end=\"984\">8 mm de espuma em EVA<\/strong> garante uma sensa\u00e7\u00e3o macia a cada passo, enquanto o revestimento em <strong data-start=\"1053\" data-end=\"1094\">verniz metalizado Specchio Ouro Light<\/strong> adiciona um toque de luxo e brilho na medida certa. A <strong data-start=\"1149\" data-end=\"1177\">fivela dourada ajust\u00e1vel<\/strong> finaliza o design com eleg\u00e2ncia e permite um ajuste perfeito ao p\u00e9.<\/p>\n<p data-start=\"1247\" data-end=\"1439\">E para voc\u00ea caminhar com seguran\u00e7a em qualquer ocasi\u00e3o, o <strong data-start=\"1305\" data-end=\"1336\">solado em TR antiderrapante<\/strong> oferece firmeza e estabilidade, seja em eventos, festas, jantares ou produ\u00e7\u00f5es especiais do dia a dia.<\/p>","protected":false},"excerpt":{"rendered":"<h2><em>Para mulheres que n\u00e3o passam despercebidas, que amam cores, presen\u00e7a e eleg\u00e2ncia sem abrir m\u00e3o do conforto!<\/em><\/h2>","protected":false},"featured_media":4443,"comment_status":"open","ping_status":"closed","template":"","meta":[],"product_brand":[265],"product_cat":[262,110],"product_tag":[298,299],"class_list":{"0":"post-4449","1":"product","2":"type-product","3":"status-publish","4":"has-post-thumbnail","6":"product_brand-torricella","7":"product_cat-calcados-femininos","8":"product_cat-meia-pata","9":"product_tag-sandalia-colorida","10":"product_tag-sandalia-confortavel","11":"pa_cor-multicolorido","12":"pa_tamanho-100","13":"pa_tamanho-101","14":"pa_tamanho-102","15":"pa_tamanho-117","16":"pa_tamanho-118","17":"pa_tamanho-119","19":"first","20":"instock","21":"shipping-taxable","22":"purchasable","23":"product-type-variable","24":"wvs-archive-product-wrapper"},"jetpack_sharing_enabled":true,"_links":{"self":[{"href":"https:\/\/criscale.com.br\/en\/wp-json\/wp\/v2\/product\/4449","targetHints":{"allow":["GET"]}}],"collection":[{"href":"https:\/\/criscale.com.br\/en\/wp-json\/wp\/v2\/product"}],"about":[{"href":"https:\/\/criscale.com.br\/en\/wp-json\/wp\/v2\/types\/product"}],"replies":[{"embeddable":true,"href":"https:\/\/criscale.com.br\/en\/wp-json\/wp\/v2\/comments?post=4449"}],"version-history":[{"count":3,"href":"https:\/\/criscale.com.br\/en\/wp-json\/wp\/v2\/product\/4449\/revisions"}],"predecessor-version":[{"id":4462,"href":"https:\/\/criscale.com.br\/en\/wp-json\/wp\/v2\/product\/4449\/revisions\/4462"}],"wp:featuredmedia":[{"embeddable":true,"href":"https:\/\/criscale.com.br\/en\/wp-json\/wp\/v2\/media\/4443"}],"wp:attachment":[{"href":"https:\/\/criscale.com.br\/en\/wp-json\/wp\/v2\/media?parent=4449"}],"wp:term":[{"taxonomy":"product_brand","embeddable":true,"href":"https:\/\/criscale.com.br\/en\/wp-json\/wp\/v2\/product_brand?post=4449"},{"taxonomy":"product_cat","embeddable":true,"href":"https:\/\/criscale.com.br\/en\/wp-json\/wp\/v2\/product_cat?post=4449"},{"taxonomy":"product_tag","embeddable":true,"href":"https:\/\/criscale.com.br\/en\/wp-json\/wp\/v2\/product_tag?post=4449"}],"curies":[{"name":"wp","href":"https:\/\/api.w.org\/{rel}","templated":true}]}}